{"id":2,"date":"2024-02-12T15:53:28","date_gmt":"2024-02-12T18:53:28","guid":{"rendered":"https:\/\/datosyarte.digital\/?page_id=2"},"modified":"2024-03-04T10:23:25","modified_gmt":"2024-03-04T13:23:25","slug":"pagina-ejemplo","status":"publish","type":"page","link":"https:\/\/datosyarte.digital\/pt\/pagina-ejemplo\/","title":{"rendered":"Sobre o projeto"},"content":{"rendered":"<p><strong>Por que misturar a objetividade dos dados com a subjetividade da arte?<\/strong><\/p>\n\n\n\n<p>Embora os dados procurem refletir medidas concretas, pode surgir um certo grau de subjetividade na sua defini\u00e7\u00e3o e tratamento. Pode-se argumentar que essa subjetividade se reflete na forma como os dados s\u00e3o utilizados para an\u00e1lise, entendendo que por tr\u00e1s desses processos est\u00e3o pessoas que perseguem um prop\u00f3sito, seja confrontando hip\u00f3teses ou alcan\u00e7ando descobertas que contribuam para seus objetivos. Poder\u00edamos dizer ent\u00e3o que os dados nos permitem contar hist\u00f3rias, e essas hist\u00f3rias fazem parte de uma narrativa criada por pessoas.<\/p>\n\n\n\n<p>Todos os dias a quantidade de dados cresce exponencialmente. E o seu valor aumenta na mesma propor\u00e7\u00e3o, dada a crescente utiliza\u00e7\u00e3o e influ\u00eancia que t\u00eam na tomada de decis\u00f5es. Os dados \u2013 atrav\u00e9s da sua an\u00e1lise \u2013 podem melhorar os processos, a concep\u00e7\u00e3o e a presta\u00e7\u00e3o de servi\u00e7os, bem como promover a inova\u00e7\u00e3o e a gera\u00e7\u00e3o de conhecimento. O seu valor, ent\u00e3o, depende em grande parte das a\u00e7\u00f5es que a sua an\u00e1lise gera e do impacto que essas a\u00e7\u00f5es, por sua vez, causam no nosso ambiente.<\/p>\n\n\n\n<p>O DATOS+Arte explora e incentiva o uso de dados para gerar rea\u00e7\u00e3o no p\u00fablico, abordando diversos temas como g\u00eanero, migra\u00e7\u00e3o, mudan\u00e7as clim\u00e1ticas, entre outros, atrav\u00e9s do uso da arte, pode transmitir mais do que poderia ser alcan\u00e7ado atrav\u00e9s de um gr\u00e1fico em um relat\u00f3rio ou estudo.<\/p>\n\n\n\n<p>A primeira exposi\u00e7\u00e3o deste projeto, no \u00e2mbito do ConDatos, foi realizada na Costa Rica em 2017, apresentando pe\u00e7as criadas a partir de interc\u00e2mbios entre jornalismo de dados e artistas, convocados pelo jornal salvadorenho El Faro. Desde ent\u00e3o, houve uma exposi\u00e7\u00e3o DADOS+Arte em 2018, 2019, 2020 (de casa), 2022 e 2023.\u00a0 Esta \u00faltima, sob o conceito de \u201cInterse\u00e7\u00f5es\u201d, convocou trabalhos que, atrav\u00e9s do uso de dados, Visualizaram os problemas em torno das mudan\u00e7as clim\u00e1ticas, como um dos pontos urgentes da Agenda 2030 para o Desenvolvimento Sustent\u00e1vel, proposta pelas Na\u00e7\u00f5es Unidas.&nbsp;<\/p>\n\n\n\n<p>DADOS+Arte \u00e9 o resultado dos interc\u00e2mbios e reflex\u00f5es da comunidade de dados da Am\u00e9rica Latina e do Caribe, que, atrav\u00e9s deste projeto, n\u00e3o apenas buscam promover o uso e reutiliza\u00e7\u00e3o de dados e, assim, aumentar o valor que estes emergem, mas, acima de tudo, procuram proporcionar um espa\u00e7o de reflex\u00e3o em torno de temas onde as ferramentas tradicionais de apresenta\u00e7\u00e3o e an\u00e1lise de dados, como um gr\u00e1fico de barras ou um painel de controlo, parecem insuficientes, e \u00e9 atrav\u00e9s da intersec\u00e7\u00e3o com a arte, que um meio tem descobriu-se que expressa de uma forma mais adequada, mais sincera e provavelmente mais precisa o que precisa ser expresso.<\/p>\n\n\n\n<div style=\"height:100px\" aria-hidden=\"true\" class=\"wp-block-spacer\"><\/div>","protected":false},"excerpt":{"rendered":"<p>\u00bfPor qu\u00e9 mezclar la objetividad de los datos con la subjetividad del arte? Si bien los datos buscan reflejar mediciones concretas, en su definici\u00f3n y tratamiento puede llegar a generarse cierto grado de subjetividad. Podr\u00eda argumentarse que esta subjetividad se refleja en la manera en la que se usan datos para el an\u00e1lisis, entendiendo que [&hellip;]<\/p>","protected":false},"author":1,"featured_media":0,"parent":0,"menu_order":0,"comment_status":"closed","ping_status":"open","template":"","meta":{"footnotes":""},"class_list":["post-2","page","type-page","status-publish","hentry"],"_links":{"self":[{"href":"https:\/\/datosyarte.digital\/pt\/wp-json\/wp\/v2\/pages\/2","targetHints":{"allow":["GET"]}}],"collection":[{"href":"https:\/\/datosyarte.digital\/pt\/wp-json\/wp\/v2\/pages"}],"about":[{"href":"https:\/\/datosyarte.digital\/pt\/wp-json\/wp\/v2\/types\/page"}],"author":[{"embeddable":true,"href":"https:\/\/datosyarte.digital\/pt\/wp-json\/wp\/v2\/users\/1"}],"replies":[{"embeddable":true,"href":"https:\/\/datosyarte.digital\/pt\/wp-json\/wp\/v2\/comments?post=2"}],"version-history":[{"count":4,"href":"https:\/\/datosyarte.digital\/pt\/wp-json\/wp\/v2\/pages\/2\/revisions"}],"predecessor-version":[{"id":140,"href":"https:\/\/datosyarte.digital\/pt\/wp-json\/wp\/v2\/pages\/2\/revisions\/140"}],"wp:attachment":[{"href":"https:\/\/datosyarte.digital\/pt\/wp-json\/wp\/v2\/media?parent=2"}],"curies":[{"name":"wp","href":"https:\/\/api.w.org\/{rel}","templated":true}]}}