{"id":248,"date":"2024-03-14T14:34:00","date_gmt":"2024-03-14T17:34:00","guid":{"rendered":"https:\/\/datosyarte.digital\/?page_id=248"},"modified":"2024-03-14T14:34:22","modified_gmt":"2024-03-14T17:34:22","slug":"agradecimientos","status":"publish","type":"page","link":"https:\/\/datosyarte.digital\/pt\/agradecimientos\/","title":{"rendered":"Agradecimentos"},"content":{"rendered":"<div class=\"wp-block-columns is-layout-flex wp-container-core-columns-is-layout-28f84493 wp-block-columns-is-layout-flex\">\n<div class=\"wp-block-column is-layout-flow wp-block-column-is-layout-flow\">\n<figure class=\"wp-block-image size-large\"><img loading=\"lazy\" decoding=\"async\" width=\"1024\" height=\"678\" src=\"https:\/\/datosyarte.digital\/wp-content\/uploads\/2024\/03\/data_art_usina-0978-1024x678.jpg\" alt=\"\" class=\"wp-image-249\" srcset=\"https:\/\/datosyarte.digital\/wp-content\/uploads\/2024\/03\/data_art_usina-0978-1024x678.jpg 1024w, https:\/\/datosyarte.digital\/wp-content\/uploads\/2024\/03\/data_art_usina-0978-300x199.jpg 300w, https:\/\/datosyarte.digital\/wp-content\/uploads\/2024\/03\/data_art_usina-0978-768x509.jpg 768w, https:\/\/datosyarte.digital\/wp-content\/uploads\/2024\/03\/data_art_usina-0978-1536x1017.jpg 1536w, https:\/\/datosyarte.digital\/wp-content\/uploads\/2024\/03\/data_art_usina-0978.jpg 2048w\" sizes=\"auto, (max-width: 1024px) 100vw, 1024px\" \/><\/figure>\n\n\n\n<h4 class=\"wp-block-heading\">BID<\/h4>\n\n\n\n<p>Arturo Muente Kunigami<br>Fabricio Rodr\u00edguez | 2023<br>Evelyn Molina | 2022<br>Florencia Serale | 2018-2020<\/p>\n\n\n\n<h4 class=\"wp-block-heading\">Organiza\u00e7\u00f5es<\/h4>\n\n\n\n<p>BID<br>G\u00eanero N\u00famero<br>ILDA<br>Abrelatam<br>ConDatos<br>El Faro<br>International Open Data Conference &#8217;18 Hilando Futuros<br>DataSketch<br>Fundapi<\/p>\n\n\n\n<h4 class=\"wp-block-heading\">Espa\u00e7os<\/h4>\n\n\n\n<p>Fundaci\u00f3n POMA | San Salvador<br>El Farolito &#8211; CCE CR | Costa Rica<br>Parque das Ru\u00ednas | Rio de Janeiro<br>Usina del Arte | Buenos Aires<br>Centro Eugenio Espejo | Quito<br>CAF | Montevideo<\/p>\n\n\n\n<figure class=\"wp-block-image size-large\"><img loading=\"lazy\" decoding=\"async\" width=\"1024\" height=\"683\" src=\"https:\/\/datosyarte.digital\/wp-content\/uploads\/2024\/03\/IDD-52-1024x683.jpg\" alt=\"\" class=\"wp-image-250\" srcset=\"https:\/\/datosyarte.digital\/wp-content\/uploads\/2024\/03\/IDD-52-1024x683.jpg 1024w, https:\/\/datosyarte.digital\/wp-content\/uploads\/2024\/03\/IDD-52-300x200.jpg 300w, https:\/\/datosyarte.digital\/wp-content\/uploads\/2024\/03\/IDD-52-768x512.jpg 768w, https:\/\/datosyarte.digital\/wp-content\/uploads\/2024\/03\/IDD-52-1536x1024.jpg 1536w, https:\/\/datosyarte.digital\/wp-content\/uploads\/2024\/03\/IDD-52.jpg 1800w\" sizes=\"auto, (max-width: 1024px) 100vw, 1024px\" \/><\/figure>\n\n\n\n<figure class=\"wp-block-image size-large\"><img loading=\"lazy\" decoding=\"async\" width=\"1024\" height=\"683\" src=\"https:\/\/datosyarte.digital\/wp-content\/uploads\/2024\/03\/DSCF1940-1024x683.jpg\" alt=\"\" class=\"wp-image-251\" srcset=\"https:\/\/datosyarte.digital\/wp-content\/uploads\/2024\/03\/DSCF1940-1024x683.jpg 1024w, https:\/\/datosyarte.digital\/wp-content\/uploads\/2024\/03\/DSCF1940-300x200.jpg 300w, https:\/\/datosyarte.digital\/wp-content\/uploads\/2024\/03\/DSCF1940-768x512.jpg 768w, https:\/\/datosyarte.digital\/wp-content\/uploads\/2024\/03\/DSCF1940-1536x1024.jpg 1536w, https:\/\/datosyarte.digital\/wp-content\/uploads\/2024\/03\/DSCF1940-2048x1365.jpg 2048w\" sizes=\"auto, (max-width: 1024px) 100vw, 1024px\" \/><\/figure>\n\n\n\n<figure class=\"wp-block-image size-full\"><img loading=\"lazy\" decoding=\"async\" width=\"799\" height=\"533\" src=\"https:\/\/datosyarte.digital\/wp-content\/uploads\/2024\/03\/53376411699_6587a3fde4_c.jpg\" alt=\"\" class=\"wp-image-252\" srcset=\"https:\/\/datosyarte.digital\/wp-content\/uploads\/2024\/03\/53376411699_6587a3fde4_c.jpg 799w, https:\/\/datosyarte.digital\/wp-content\/uploads\/2024\/03\/53376411699_6587a3fde4_c-300x200.jpg 300w, https:\/\/datosyarte.digital\/wp-content\/uploads\/2024\/03\/53376411699_6587a3fde4_c-768x512.jpg 768w\" sizes=\"auto, (max-width: 799px) 100vw, 799px\" \/><\/figure>\n<\/div>\n\n\n\n<div class=\"wp-block-column is-layout-flow wp-block-column-is-layout-flow\">\n<h4 class=\"wp-block-heading\">DATA_ART 2017-2018<\/h4>\n\n\n\n<p>Cristina Algarra<br>Alejandro C\u00f3rdova<br>Cristian Reynaga<br>Daniel Villatoro Garc\u00eda<br>Ana Sofia Ruiz<\/p>\n\n\n\n<h4 class=\"wp-block-heading\">Indicios de Data 2019<\/h4>\n\n\n\n<p>Juan Carlos Le\u00f3n | Curadur\u00eda<br>Pancho Su\u00e1rez | Museograf\u00eda<br>Eduardo Bejar<\/p>\n\n\n\n<h4 class=\"wp-block-heading\">Del Arte Funcional 2020<\/h4>\n\n\n\n<p>Ana Sofia Ruiz<br>Mariana Chaverri Solano<br>Fabrizio Scrollini<br>Patricia Trigueros<br>Mariana Santos | Jurado<br>Tom\u00e1s Laurenzo | Jurado<br>Manuela Reyes | Jurado<br>Mauricio Delfin | Jurado<\/p>\n\n\n\n<h4 class=\"wp-block-heading\">Hilando Futuros<\/h4>\n\n\n\n<p>ILDA | Costa Rica<br>Puntada Silente | Costa<br>Rica Nuevo Reino | Uruguay<br>Agujas Combativas | M\u00e9xico<br>Bordamos por la Paz | M\u00e9xico<br>DataSketch | Colombia<br>Mampujan | Colombia<br>Manos que bordan | Colombia<br>Mi\u00e9rcoles de Chicas | Colombia<br>Bordar os Sonhos | Brasil<br>Carolina P\u00e9rez<br>Ana Sofia Ruiz<\/p>\n\n\n\n<h4 class=\"wp-block-heading\">Intersecciones\/Cambio Clim\u00e1tico 2023<\/h4>\n\n\n\n<p>Carolina Curbelo | Coordinaci\u00f3n Curatorial<br>Luc\u00eda Cuozzi | Ministerio de Ambiente Uruguay Daniel Carranza | Data Uruguay &amp; CONDATOS<br>Christian Clark | Shaman<br>Federico Brusa | BID<br>Trinidad Zaldivar | BID<\/p>\n<\/div>\n<\/div>\n\n\n\n<h4 class=\"wp-block-heading\">Fotografias<\/h4>\n\n\n\n<p>Equipo ABRELATAM\/CONDATOS | Montevideo<br>Pancho Su\u00e1rez | Quito<br>Flor Serale | Quito<br>Equipo IODC | Buenos Aires<br>Liliana Terrero | Santo Domingo<br>Ren\u00e9 Figueroa | San Salvador<\/p>\n\n\n\n<div style=\"height:100px\" aria-hidden=\"true\" class=\"wp-block-spacer\"><\/div>","protected":false},"excerpt":{"rendered":"<p>BID Arturo Muente KunigamiFabricio Rodr\u00edguez | 2023Evelyn Molina | 2022Florencia Serale | 2018-2020 Organizaciones BIDG\u00eanero N\u00fameroILDAAbrelatamConDatosEl FaroInternational Open Data Conference &#8217;18 Hilando FuturosDataSketchFundapi Espacios Fundaci\u00f3n POMA | San SalvadorEl Farolito &#8211; CCE CR | Costa RicaParque das Ru\u00ednas | Rio de JaneiroUsina del Arte | Buenos AiresCentro Eugenio Espejo | QuitoCAF | Montevideo DATA_ART 2017-2018 [&hellip;]<\/p>","protected":false},"author":2,"featured_media":0,"parent":0,"menu_order":0,"comment_status":"closed","ping_status":"closed","template":"","meta":{"footnotes":""},"class_list":["post-248","page","type-page","status-publish","hentry"],"_links":{"self":[{"href":"https:\/\/datosyarte.digital\/pt\/wp-json\/wp\/v2\/pages\/248","targetHints":{"allow":["GET"]}}],"collection":[{"href":"https:\/\/datosyarte.digital\/pt\/wp-json\/wp\/v2\/pages"}],"about":[{"href":"https:\/\/datosyarte.digital\/pt\/wp-json\/wp\/v2\/types\/page"}],"author":[{"embeddable":true,"href":"https:\/\/datosyarte.digital\/pt\/wp-json\/wp\/v2\/users\/2"}],"replies":[{"embeddable":true,"href":"https:\/\/datosyarte.digital\/pt\/wp-json\/wp\/v2\/comments?post=248"}],"version-history":[{"count":2,"href":"https:\/\/datosyarte.digital\/pt\/wp-json\/wp\/v2\/pages\/248\/revisions"}],"predecessor-version":[{"id":254,"href":"https:\/\/datosyarte.digital\/pt\/wp-json\/wp\/v2\/pages\/248\/revisions\/254"}],"wp:attachment":[{"href":"https:\/\/datosyarte.digital\/pt\/wp-json\/wp\/v2\/media?parent=248"}],"curies":[{"name":"wp","href":"https:\/\/api.w.org\/{rel}","templated":true}]}}